{"id":2294,"date":"2025-10-28T22:26:32","date_gmt":"2025-10-28T22:26:32","guid":{"rendered":"https:\/\/bmprow.com\/?page_id=2294"},"modified":"2025-11-05T00:24:15","modified_gmt":"2025-11-05T00:24:15","slug":"legal-notice","status":"publish","type":"page","link":"https:\/\/bmprow.com\/fr\/legal-notice\/","title":{"rendered":"Mentions l\u00e9gales"},"content":{"rendered":"<div data-elementor-type=\"wp-page\" data-elementor-id=\"2294\" class=\"elementor elementor-2294\">\n\t\t\t\t<div class=\"elementor-element elementor-element-781e34d e-flex e-con-boxed wpr-particle-no wpr-jarallax-no wpr-parallax-no wpr-sticky-section-no wpr-column-slider-no wpr-equal-height-no e-con e-parent\" data-id=\"781e34d\" data-element_type=\"container\" data-e-type=\"container\">\n\t\t\t\t\t<div class=\"e-con-inner\">\n\t\t<div class=\"elementor-element elementor-element-7a50936 e-con-full e-flex wpr-particle-no wpr-jarallax-no wpr-parallax-no wpr-sticky-section-no wpr-column-slider-no wpr-equal-height-no e-con e-child\" data-id=\"7a50936\" data-element_type=\"container\" data-e-type=\"container\">\n\t\t\t\t<div class=\"elementor-element elementor-element-6153237 elementor-widget elementor-widget-text-editor\" data-id=\"6153237\" data-element_type=\"widget\" data-e-type=\"widget\" data-widget_type=\"text-editor.default\">\n\t\t\t\t<div class=\"elementor-widget-container\">\n\t\t\t\t\t\t\t\t\t<h1>Mentions l\u00e9gales (Impressum)<\/h1><p><em>Cette notice l\u00e9gale est fournie conform\u00e9ment aux r\u00e9glementations europ\u00e9ennes et internationales en mati\u00e8re de transparence.<\/em><\/p><h3>1. Informations sur le prestataire de service<\/h3><p><strong>Raison sociale :<\/strong> BMPROW SUARL<br \/><strong>Legal Identifier (ID):<\/strong> 1853195D<br \/><strong>Adresse du si\u00e8ge social :<\/strong> 01 Avenue Hedi Khfecha, 2080 Ariana, Tunisie<\/p><h3>2. Coordonn\u00e9es de contact<\/h3><p><strong>Email:<\/strong> contact@bmprow.com<br \/><strong>T\u00e9l\u00e9phone<\/strong> +216 20 565 338<br \/><strong>Site web<\/strong> https:\/\/bmprow.com\/<\/p><h3>3. Informations sur l\u2019h\u00e9bergeur<\/h3><p>Le Service est h\u00e9berg\u00e9 par :<\/p><p><strong>Hostinger International Ltd.<\/strong><br \/><strong>Adresse:<\/strong> \u0160vitrigailos g. 34, LT-03230 Vilnius, Lithuania<br \/><strong>Registration Code:<\/strong> 302710386<br \/><strong>VAT ID:<\/strong> LT100007381511<\/p><h3>4. Conditions et politiques associ\u00e9es<\/h3><p>Pour plus d\u2019informations sur nos pratiques et nos engagements, veuillez consulter nos autres documents juridiques :<\/p><ul><li><a href=\"\/fr\/terms-of-service\/\">Conditions d\u2019utilisation<\/a><\/li><li><a href=\"\/fr\/privacy-policy\/\">Politique de confidentialit\u00e9<\/a><\/li><li><a href=\"\/fr\/cookie-policy\/\">Politique des cookies<\/a><\/li><\/ul>\t\t\t\t\t\t\t\t<\/div>\n\t\t\t\t<\/div>\n\t\t\t\t<\/div>\n\t\t\t\t\t<\/div>\n\t\t\t\t<\/div>\n\t\t\t\t<\/div>\n\t\t\n    <div class=\"xs_social_share_widget xs_share_url after_content \t\tmain_content  wslu-style-1 wslu-share-box-shaped wslu-fill-colored wslu-none wslu-share-horizontal wslu-theme-font-no wslu-main_content\">\n\n\t\t\n        <ul>\n\t\t\t        <\/ul>\n    <\/div>","protected":false},"excerpt":{"rendered":"<p>Legal Notice (Imprint) This legal notice is provided in accordance with European and international transparency regulations. 1. Information of the Service Provider Company Name: BMPROW SUARLLegal Identifier (ID): 1853195DRegistered Address: 01 Av Hedi Khfecha, 2080 Ariana, Tunisia 2. Contact Information Email: contact@bmprow.comPhone: +216 20 565 338Website: https:\/\/bmprow.com\/ 3. Hosting Provider Information The Service is hosted by: Hostinger International Ltd.Address: \u0160vitrigailos g. 34, LT-03230 Vilnius, LithuaniaRegistration Code: 302710386VAT ID: LT100007381511 4. Terms and Policies For more information on how we operate, please review our other legal documents: Terms of Service Privacy Policy Cookie Policy<\/p>","protected":false},"author":1,"featured_media":0,"parent":0,"menu_order":0,"comment_status":"closed","ping_status":"closed","template":"","meta":{"_eb_attr":"","postBodyCss":"","postBodyMargin":[],"postBodyPadding":[],"postBodyBackground":{"backgroundType":"classic","gradient":""},"_kadence_starter_templates_imported_post":false,"_kad_post_transparent":"","_kad_post_title":"hide","_kad_post_layout":"fullwidth","_kad_post_sidebar_id":"","_kad_post_content_style":"unboxed","_kad_post_vertical_padding":"hide","_kad_post_feature":"hide","_kad_post_feature_position":"","_kad_post_header":false,"_kad_post_footer":false,"_kad_post_classname":"","footnotes":""},"class_list":["post-2294","page","type-page","status-publish","hentry"],"_links":{"self":[{"href":"https:\/\/bmprow.com\/fr\/wp-json\/wp\/v2\/pages\/2294","targetHints":{"allow":["GET"]}}],"collection":[{"href":"https:\/\/bmprow.com\/fr\/wp-json\/wp\/v2\/pages"}],"about":[{"href":"https:\/\/bmprow.com\/fr\/wp-json\/wp\/v2\/types\/page"}],"author":[{"embeddable":true,"href":"https:\/\/bmprow.com\/fr\/wp-json\/wp\/v2\/users\/1"}],"replies":[{"embeddable":true,"href":"https:\/\/bmprow.com\/fr\/wp-json\/wp\/v2\/comments?post=2294"}],"version-history":[{"count":14,"href":"https:\/\/bmprow.com\/fr\/wp-json\/wp\/v2\/pages\/2294\/revisions"}],"predecessor-version":[{"id":3897,"href":"https:\/\/bmprow.com\/fr\/wp-json\/wp\/v2\/pages\/2294\/revisions\/3897"}],"wp:attachment":[{"href":"https:\/\/bmprow.com\/fr\/wp-json\/wp\/v2\/media?parent=2294"}],"curies":[{"name":"wp","href":"https:\/\/api.w.org\/{rel}","templated":true}]}}