{"id":2291,"date":"2025-10-28T22:26:14","date_gmt":"2025-10-28T22:26:14","guid":{"rendered":"https:\/\/bmprow.com\/?page_id=2291"},"modified":"2025-11-05T00:22:46","modified_gmt":"2025-11-05T00:22:46","slug":"accessibility-statement","status":"publish","type":"page","link":"https:\/\/bmprow.com\/fr\/accessibility-statement\/","title":{"rendered":"D\u00e9claration d\u2019accessibilit\u00e9"},"content":{"rendered":"<div data-elementor-type=\"wp-page\" data-elementor-id=\"2291\" class=\"elementor elementor-2291\">\n\t\t\t\t<div class=\"elementor-element elementor-element-961ca6c e-flex e-con-boxed wpr-particle-no wpr-jarallax-no wpr-parallax-no wpr-sticky-section-no wpr-column-slider-no wpr-equal-height-no e-con e-parent\" data-id=\"961ca6c\" data-element_type=\"container\" data-e-type=\"container\">\n\t\t\t\t\t<div class=\"e-con-inner\">\n\t\t<div class=\"elementor-element elementor-element-ed7193e e-con-full e-flex wpr-particle-no wpr-jarallax-no wpr-parallax-no wpr-sticky-section-no wpr-column-slider-no wpr-equal-height-no e-con e-child\" data-id=\"ed7193e\" data-element_type=\"container\" data-e-type=\"container\">\n\t\t\t\t<div class=\"elementor-element elementor-element-f565a23 elementor-widget elementor-widget-text-editor\" data-id=\"f565a23\" data-element_type=\"widget\" data-e-type=\"widget\" data-widget_type=\"text-editor.default\">\n\t\t\t\t<div class=\"elementor-widget-container\">\n\t\t\t\t\t\t\t\t\t<h1>D\u00e9claration d\u2019accessibilit\u00e9<\/h1><p><em>Derni\u00e8re mise \u00e0 jour : 4 novembre 2025<\/em><\/p><p>BMPROW SUARL s\u2019engage \u00e0 garantir l\u2019accessibilit\u00e9 num\u00e9rique pour les personnes en situation de handicap.\nNous am\u00e9liorons continuellement l\u2019exp\u00e9rience utilisateur pour tous et appliquons les normes d\u2019accessibilit\u00e9 pertinentes.<\/p><h3>Niveau de conformit\u00e9<\/h3><p>Nous travaillons activement \u00e0 atteindre la conformit\u00e9 avec les Web Content Accessibility Guidelines (WCAG) 2.2, au niveau AA.\nBien que nous nous efforcions de respecter ces lignes directrices reconnues, il n\u2019est pas toujours possible de le faire sur toutes les sections du site.\nCet engagement repose sur une approche de \u00ab meilleure pratique \u00bb, incluant des audits et des am\u00e9liorations continues de notre Service.<\/p><h3>Sp\u00e9cifications techniques<\/h3><p>L\u2019accessibilit\u00e9 du site https:\/\/bmprow.com\/\n repose sur les technologies suivantes :<\/p><ul><li>HTML5<\/li><li>CSS<\/li><li>JavaScript<\/li><\/ul><p>Nous utilisons le th\u00e8me Kadence et le constructeur de pages Elementor, tous deux conformes aux standards d\u2019accessibilit\u00e9.\nNous veillons \u00e9galement \u00e0 :\n\nutiliser une structure s\u00e9mantique correcte (balises H1, H2, etc.),\n\net fournir des textes alternatifs pour les images.<\/p><h3>Retour et contact<\/h3><p>Nous accueillons volontiers vos retours concernant l\u2019accessibilit\u00e9 de notre Service.\nSi vous rencontrez une barri\u00e8re d\u2019acc\u00e8s ou une difficult\u00e9 \u00e0 consulter une information sur notre site, contactez-nous imm\u00e9diatement :<\/p><ul><li><strong>Email:<\/strong> contact@bmprow.com<\/li><li><strong>T\u00e9l\u00e9phone<\/strong> +216 20 565 338<\/li><li><strong>Adresse:<\/strong> 01 Avenue Hedi Khfecha, 2080 Ariana, Tunisie<\/li><\/ul><p>Nous ferons tout notre possible pour r\u00e9pondre \u00e0 vos besoins et vous fournir les informations demand\u00e9es dans les meilleurs d\u00e9lais.<\/p>\t\t\t\t\t\t\t\t<\/div>\n\t\t\t\t<\/div>\n\t\t\t\t<\/div>\n\t\t\t\t\t<\/div>\n\t\t\t\t<\/div>\n\t\t\t\t<\/div>\n\t\t\n    <div class=\"xs_social_share_widget xs_share_url after_content \t\tmain_content  wslu-style-1 wslu-share-box-shaped wslu-fill-colored wslu-none wslu-share-horizontal wslu-theme-font-no wslu-main_content\">\n\n\t\t\n        <ul>\n\t\t\t        <\/ul>\n    <\/div>","protected":false},"excerpt":{"rendered":"<p>Accessibility Statement Last updated: November 4, 2025 BMPROW SUARL is committed to ensuring digital accessibility for people with disabilities. We are continually improving the user experience for everyone and applying the relevant accessibility standards. Conformance Status We are actively working to achieve compliance with the **Web Content Accessibility Guidelines (WCAG) 2.2** at the **Level AA** standard. While we strive to adhere to the accepted guidelines, it is not always possible to do so in all areas of the website. This is a &#8220;best-effort&#8221; undertaking as we continue to audit and improve our Service. Technical Specifications Accessibility of https:\/\/bmprow.com\/ relies on the following technologies: HTML5 CSS JavaScript We use the Kadence theme and Elementor page builder, which are committed to accessibility standards. We also make efforts to ensure proper semantic HTML (e.t., using H1, H2, etc. correctly) and provide text alternatives for images. Feedback &amp; Contact We welcome your feedback on the accessibility of our Service. If you encounter accessibility barriers or have difficulty accessing any information on our website, please contact us immediately. Email: contact@bmprow.com Phone: +216 20 565 338 Address: 01 Av Hedi Khfecha, 2080 Ariana, Tunisia We will make all reasonable efforts to address your concerns and provide you with the information you need.<\/p>","protected":false},"author":1,"featured_media":0,"parent":0,"menu_order":0,"comment_status":"closed","ping_status":"closed","template":"","meta":{"_eb_attr":"","postBodyCss":"","postBodyMargin":[],"postBodyPadding":[],"postBodyBackground":{"backgroundType":"classic","gradient":""},"_kadence_starter_templates_imported_post":false,"_kad_post_transparent":"","_kad_post_title":"hide","_kad_post_layout":"fullwidth","_kad_post_sidebar_id":"","_kad_post_content_style":"unboxed","_kad_post_vertical_padding":"hide","_kad_post_feature":"hide","_kad_post_feature_position":"","_kad_post_header":false,"_kad_post_footer":false,"_kad_post_classname":"","footnotes":""},"class_list":["post-2291","page","type-page","status-publish","hentry"],"_links":{"self":[{"href":"https:\/\/bmprow.com\/fr\/wp-json\/wp\/v2\/pages\/2291","targetHints":{"allow":["GET"]}}],"collection":[{"href":"https:\/\/bmprow.com\/fr\/wp-json\/wp\/v2\/pages"}],"about":[{"href":"https:\/\/bmprow.com\/fr\/wp-json\/wp\/v2\/types\/page"}],"author":[{"embeddable":true,"href":"https:\/\/bmprow.com\/fr\/wp-json\/wp\/v2\/users\/1"}],"replies":[{"embeddable":true,"href":"https:\/\/bmprow.com\/fr\/wp-json\/wp\/v2\/comments?post=2291"}],"version-history":[{"count":11,"href":"https:\/\/bmprow.com\/fr\/wp-json\/wp\/v2\/pages\/2291\/revisions"}],"predecessor-version":[{"id":3891,"href":"https:\/\/bmprow.com\/fr\/wp-json\/wp\/v2\/pages\/2291\/revisions\/3891"}],"wp:attachment":[{"href":"https:\/\/bmprow.com\/fr\/wp-json\/wp\/v2\/media?parent=2291"}],"curies":[{"name":"wp","href":"https:\/\/api.w.org\/{rel}","templated":true}]}}