{"id":2285,"date":"2025-10-28T22:25:30","date_gmt":"2025-10-28T22:25:30","guid":{"rendered":"https:\/\/bmprow.com\/?page_id=2285"},"modified":"2025-11-05T00:20:32","modified_gmt":"2025-11-05T00:20:32","slug":"terms-of-service","status":"publish","type":"page","link":"https:\/\/bmprow.com\/fr\/terms-of-service\/","title":{"rendered":"Conditions d\u2019utilisation"},"content":{"rendered":"<div data-elementor-type=\"wp-page\" data-elementor-id=\"2285\" class=\"elementor elementor-2285\">\n\t\t\t\t<div class=\"elementor-element elementor-element-59e914d e-flex e-con-boxed wpr-particle-no wpr-jarallax-no wpr-parallax-no wpr-sticky-section-no wpr-column-slider-no wpr-equal-height-no e-con e-parent\" data-id=\"59e914d\" data-element_type=\"container\" data-e-type=\"container\">\n\t\t\t\t\t<div class=\"e-con-inner\">\n\t\t<div class=\"elementor-element elementor-element-173c33c e-con-full e-flex wpr-particle-no wpr-jarallax-no wpr-parallax-no wpr-sticky-section-no wpr-column-slider-no wpr-equal-height-no e-con e-child\" data-id=\"173c33c\" data-element_type=\"container\" data-e-type=\"container\">\n\t\t\t\t<div class=\"elementor-element elementor-element-66ee92f elementor-widget elementor-widget-text-editor\" data-id=\"66ee92f\" data-element_type=\"widget\" data-e-type=\"widget\" data-widget_type=\"text-editor.default\">\n\t\t\t\t<div class=\"elementor-widget-container\">\n\t\t\t\t\t\t\t\t\t<h1>Conditions d\u2019utilisation<\/h1><p><em>Derni\u00e8re mise \u00e0 jour : 4 novembre 2025<\/em><\/p><p>Veuillez lire attentivement ces Conditions d\u2019utilisation (\u00ab Conditions \u00bb) avant d\u2019utiliser le site web https:\/\/bmprow.com\/\n (le \u00ab Service \u00bb) exploit\u00e9 par BMPROW SUARL (\u00ab nous \u00bb, \u00ab notre \u00bb, ou \u00ab nos \u00bb).<\/p><h3>1. Acceptation des conditions<\/h3><p>En acc\u00e9dant ou en utilisant le Service, vous acceptez d\u2019\u00eatre li\u00e9 par les pr\u00e9sentes Conditions.\nSi vous n\u2019acceptez pas une partie des termes, vous ne pouvez pas acc\u00e9der au Service.\nCes Conditions s\u2019appliquent \u00e0 tous les visiteurs, utilisateurs et autres personnes qui acc\u00e8dent ou utilisent le Service.<\/p><h3>2. Nos services<\/h3><p>BMPROW SUARL fournit des services de strat\u00e9gie digitale, d\u00e9veloppement web (WordPress, Shopify), optimisation e-commerce, marketing de croissance (SEO, publicit\u00e9 payante), analyse de donn\u00e9es et automatisation par IA (\u00ab Services \u00bb).\nTous les Services sont pr\u00e9cis\u00e9s dans des propositions ou contrats sp\u00e9cifiques fournis au client.\nLe site web fournit des informations g\u00e9n\u00e9rales et ne constitue pas une offre contractuelle.<\/p><h3>3. Propri\u00e9t\u00e9 intellectuelle<\/h3><p>Le Service et son contenu original (hors contenu fourni par les utilisateurs), ses fonctionnalit\u00e9s et son design demeurent la propri\u00e9t\u00e9 exclusive de BMPROW SUARL et de ses conc\u00e9dants.\nLes contenus, logos (y compris le logo BMPROW) et \u00e9l\u00e9ments visuels sont prot\u00e9g\u00e9s par les lois sur le droit d\u2019auteur et les marques d\u00e9pos\u00e9es.\nAucune utilisation de nos marques n\u2019est autoris\u00e9e sans notre accord \u00e9crit pr\u00e9alable.<\/p><h3>4. Conduite de l\u2019utilisateur<\/h3><p>Vous acceptez de ne pas utiliser le Service d\u2019une mani\u00e8re ill\u00e9gale ou nuisible \u00e0 BMPROW SUARL ou \u00e0 des tiers.\nL\u2019utilisation de nos formulaires de contact pour transmettre du spam, des logiciels malveillants ou tout contenu ill\u00e9gal, harcelant ou abusif est strictement interdite.<\/p><h3>5. Liens vers d\u2019autres sites<\/h3><p>Notre Service peut contenir des liens vers des sites tiers ou services non d\u00e9tenus ni contr\u00f4l\u00e9s par BMPROW SUARL (ex. : Calendly, Trustpilot).\nNous n\u2019avons aucun contr\u00f4le sur leur contenu, politique de confidentialit\u00e9 ou pratiques, et d\u00e9clinons toute responsabilit\u00e9 \u00e0 leur \u00e9gard.<\/p><h3>6. Limitation de responsabilit\u00e9<\/h3><p>En aucun cas, BMPROW SUARL, ni ses dirigeants, employ\u00e9s ou partenaires, ne pourront \u00eatre tenus responsables de dommages indirects, accidentels, sp\u00e9ciaux ou cons\u00e9cutifs, y compris, sans s\u2019y limiter, la perte de profits, de donn\u00e9es, d\u2019usage ou de r\u00e9putation, r\u00e9sultant de l\u2019utilisation du Service.<\/p><h3>7. Clause de non-responsabilit\u00e9<\/h3><p>L\u2019utilisation du Service se fait \u00e0 vos propres risques.\nLe Service est fourni \u00ab tel quel \u00bb et \u00ab selon disponibilit\u00e9 \u00bb.\nNous ne garantissons pas que le Service sera ininterrompu, s\u00e9curis\u00e9 ou exempt d\u2019erreurs.\nLes \u00e9tudes de cas, t\u00e9moignages ou indicateurs de performance pr\u00e9sent\u00e9s sont illustratifs et ne constituent pas une garantie de r\u00e9sultats futurs.<\/p><h3>8. Droit applicable<\/h3><p>Les pr\u00e9sentes Conditions sont r\u00e9gies et interpr\u00e9t\u00e9es conform\u00e9ment aux lois de Tunisie, sans \u00e9gard aux principes de conflits de lois.\nTout litige relatif \u00e0 ces Conditions ou au Service sera soumis \u00e0 la comp\u00e9tence exclusive des tribunaux de Tunis (Tunisie).<\/p><h3>9. Modifications des conditions<\/h3><p>Nous nous r\u00e9servons le droit, \u00e0 notre seule discr\u00e9tion, de modifier ou remplacer ces Conditions \u00e0 tout moment.\nToute modification importante fera l\u2019objet d\u2019un pr\u00e9avis d\u2019au moins 30 jours.<\/p><h3>10. Contact<\/h3><p>Pour toute question concernant ces Conditions, veuillez nous contacter \u00e0 :\n\ud83d\udce7 contact@bmprow.com <strong>contact@bmprow.com<\/strong>.<\/p>\t\t\t\t\t\t\t\t<\/div>\n\t\t\t\t<\/div>\n\t\t\t\t<\/div>\n\t\t\t\t\t<\/div>\n\t\t\t\t<\/div>\n\t\t\t\t<\/div>\n\t\t\n    <div class=\"xs_social_share_widget xs_share_url after_content \t\tmain_content  wslu-style-1 wslu-share-box-shaped wslu-fill-colored wslu-none wslu-share-horizontal wslu-theme-font-no wslu-main_content\">\n\n\t\t\n        <ul>\n\t\t\t        <\/ul>\n    <\/div>","protected":false},"excerpt":{"rendered":"<p>Terms of Service Last updated: November 4, 2025 Please read these Terms of Service (&#8220;Terms&#8221;) carefully before using the https:\/\/bmprow.com\/ website (the &#8220;Service&#8221;) operated by BMPROW SUARL (&#8220;us,&#8221; &#8220;we,&#8221; or &#8220;our&#8221;). 1. Acceptance of Terms By accessing or using the Service, you agree to be bound by these Terms. If you disagree with any part of the terms, then you may not access the Service. These Terms apply to all visitors, users, and others who access or use the Service. 2. Our Services BMPROW SUARL provides digital strategy, web development (WordPress, Shopify), e-commerce optimization, growth marketing (SEO, Paid Media), data analytics, and AI automation services (&#8220;Services&#8221;). All Services are detailed in specific proposals or contracts provided to the client. This website provides general information and does not constitute a binding offer. 3. Intellectual Property The Service and its original content (excluding content provided by users), features, and functionality are and will remain the exclusive property of BMPROW SUARL and its licensors. The content, logos (including the BMPROW logo), and visual design are protected by copyright and trademark laws. Our trademarks may not be used in connection with any product or service without the prior written consent of BMPROW SUARL. 4. User Conduct You agree not to use the Service in any way that is unlawful, or harms BMPROW SUARL or any third party. You may not use our contact forms to transmit spam, malware, or any unlawful, harassing, or abusive content. 5. Links to Other Websites Our Service may contain links to third-party websites or services that are not owned or controlled by BMPROW SUARL (e.g., Calendly, Trustpilot). We have no control over, and assume no responsibility for, the content, privacy policies, or practices of any third-party websites or services. 6. Limitation of Liability In no event shall BMPROW SUARL, nor its directors, employees, or partners, be liable for any indirect, incidental, special, consequential, or punitive damages, including without limitation, loss of profits, data, use, or goodwill, arising out of or in connection with your use of the Service. 7. Disclaimer Your use of the Service is at your sole risk. The Service is provided on an &#8220;AS IS&#8221; and &#8220;AS AVAILABLE&#8221; basis. We do not warrant that the Service will be uninterrupted, secure, or error-free. Any case studies, testimonials, or performance metrics shown on the Service are illustrative and do not constitute a guarantee of future results. 8. Governing Law These Terms shall be governed and construed in accordance with the laws of **Tunisia**, without regard to its conflict of law provisions. Any disputes arising from these Terms or the Service shall be resolved in the competent courts of Tunis, Tunisia. 9. Changes to Terms We reserve the right, at our sole discretion, to modify or replace these Terms at any time. We will provide at least 30 days&#8217; notice of any material changes. 10. Contact Us If you have any questions about these Terms, please contact us at contact@bmprow.com.<\/p>","protected":false},"author":1,"featured_media":0,"parent":0,"menu_order":0,"comment_status":"closed","ping_status":"closed","template":"","meta":{"_eb_attr":"","postBodyCss":"","postBodyMargin":[],"postBodyPadding":[],"postBodyBackground":{"backgroundType":"classic","gradient":""},"_kadence_starter_templates_imported_post":false,"_kad_post_transparent":"","_kad_post_title":"hide","_kad_post_layout":"fullwidth","_kad_post_sidebar_id":"","_kad_post_content_style":"unboxed","_kad_post_vertical_padding":"hide","_kad_post_feature":"hide","_kad_post_feature_position":"","_kad_post_header":false,"_kad_post_footer":false,"_kad_post_classname":"","footnotes":""},"class_list":["post-2285","page","type-page","status-publish","hentry"],"_links":{"self":[{"href":"https:\/\/bmprow.com\/fr\/wp-json\/wp\/v2\/pages\/2285","targetHints":{"allow":["GET"]}}],"collection":[{"href":"https:\/\/bmprow.com\/fr\/wp-json\/wp\/v2\/pages"}],"about":[{"href":"https:\/\/bmprow.com\/fr\/wp-json\/wp\/v2\/types\/page"}],"author":[{"embeddable":true,"href":"https:\/\/bmprow.com\/fr\/wp-json\/wp\/v2\/users\/1"}],"replies":[{"embeddable":true,"href":"https:\/\/bmprow.com\/fr\/wp-json\/wp\/v2\/comments?post=2285"}],"version-history":[{"count":11,"href":"https:\/\/bmprow.com\/fr\/wp-json\/wp\/v2\/pages\/2285\/revisions"}],"predecessor-version":[{"id":3885,"href":"https:\/\/bmprow.com\/fr\/wp-json\/wp\/v2\/pages\/2285\/revisions\/3885"}],"wp:attachment":[{"href":"https:\/\/bmprow.com\/fr\/wp-json\/wp\/v2\/media?parent=2285"}],"curies":[{"name":"wp","href":"https:\/\/api.w.org\/{rel}","templated":true}]}}